{"id":17906,"date":"2019-12-25T16:37:03","date_gmt":"2019-12-25T13:37:03","guid":{"rendered":"https:\/\/new.digital.biz.tr\/terapiler\/destekleyici-terapiler\/iyashi-dome-sauna-terapisi"},"modified":"2020-01-13T11:06:54","modified_gmt":"2020-01-13T08:06:54","slug":"iyashi-dome-sauna-terapisi","status":"publish","type":"page","link":"https:\/\/astra.thelifeco.com\/tr\/iyashi-dome-sauna-terapisi\/","title":{"rendered":"Iyashi Dome Sauna Terapisi"},"content":{"rendered":"\t\t<div data-elementor-type=\"wp-page\" data-elementor-id=\"17906\" class=\"elementor elementor-17906 elementor-17897\" data-elementor-post-type=\"page\">\n\t\t\t\t\t\t<section class=\"elementor-section elementor-top-section elementor-element elementor-element-306516f elementor-section-boxed elementor-section-height-default elementor-section-height-default\" data-id=\"306516f\" data-element_type=\"section\">\n\t\t\t\t\t\t<div class=\"elementor-container elementor-column-gap-default\">\n\t\t\t\t\t<div class=\"elementor-column elementor-col-100 elementor-top-column elementor-element elementor-element-ef9f336\" data-id=\"ef9f336\" data-element_type=\"column\">\n\t\t\t<div class=\"elementor-widget-wrap elementor-element-populated\">\n\t\t\t\t\t\t<div class=\"elementor-element elementor-element-04441db elementor-widget elementor-widget-text-editor\" data-id=\"04441db\" data-element_type=\"widget\" data-widget_type=\"text-editor.default\">\n\t\t\t\t<div class=\"elementor-widget-container\">\n\t\t\t\t\t\t\t<p>Iyashi D\u00f4me, metabolizmay\u0131 h\u0131zland\u0131ran ve v\u00fccudun yenilenmesini sa\u011flayan bir sauna terapisidir. Bu terapide kullan\u0131lan k\u0131z\u0131l\u00f6tesi (far-infrared) \u0131\u015f\u0131nlar ve patentli Japon siyah karbon teknolojisi detoksifikasyona ve kilo kayb\u0131na yard\u0131mc\u0131 olur.<\/p>\n<p>Iyashi D\u00f4me ile bir seans, 20 kilometrelik ko\u015fu ile ayn\u0131 miktarda terleme sa\u011flar. Terleme yoluyla derinin alt\u0131nda biriken ya\u011flar, toksinler ve a\u011f\u0131r metaller d\u0131\u015far\u0131 at\u0131l\u0131r. Iyashi D\u00f4me bilimsel olarak kan\u0131tlanm\u0131\u015f pek \u00e7ok fayda sa\u011flar.<\/p>\n<p><b>Detoksifikasyon<\/b><br \/>\nBir seansta v\u00fccudun toksinlerden ve a\u011f\u0131r metallerden ar\u0131nmas\u0131n\u0131 sa\u011flar.<br \/>\n<b>Anti-Aging<\/b><br \/>\nCildi gen\u00e7le\u015ftirir, k\u0131r\u0131\u015f\u0131kl\u0131klar\u0131 azalt\u0131r ve cildin esnekli\u011fini artt\u0131r\u0131r.<\/p>\n<p><b>H\u0131zl\u0131 bir Metabolizma<\/b><br \/>\nMetabolik fonksiyonlar\u0131 iyile\u015ftirerek enerji seviyelerini artt\u0131r\u0131r.<\/p>\n<p><b>\u0130ncelme<\/b><br \/>\nSel\u00fclitleri azalmas\u0131na ve v\u00fccudun s\u0131k\u0131la\u015fmas\u0131na yard\u0131mc\u0131 olur.<\/p>\n<p><b>Rahatlama<\/b><br \/>\nK\u0131z\u0131l\u00f6tesi \u0131\u015f\u0131nlar ile cilt damarlar\u0131n\u0131n geni\u015flemesini ve kaslar\u0131n rahatlamas\u0131n\u0131 sa\u011flar.<\/p>\n\t\t\t\t\t\t<\/div>\n\t\t\t\t<\/div>\n\t\t\t\t\t<\/div>\n\t\t<\/div>\n\t\t\t\t\t<\/div>\n\t\t<\/section>\n\t\t\t\t<\/div>\n\t\t","protected":false},"excerpt":{"rendered":"<p>Iyashi D\u00f4me, metabolizmay\u0131 h\u0131zland\u0131ran ve v\u00fccudun yenilenmesini sa\u011flayan bir sauna terapisidir. <\/p>\n","protected":false},"author":1,"featured_media":17900,"parent":11065,"menu_order":0,"comment_status":"closed","ping_status":"closed","template":"","meta":{"_acf_changed":false,"content-type":"","om_disable_all_campaigns":false,"footnotes":""},"class_list":["post-17906","page","type-page","status-publish","has-post-thumbnail","hentry"],"acf":[],"_links":{"self":[{"href":"https:\/\/astra.thelifeco.com\/tr\/wp-json\/wp\/v2\/pages\/17906","targetHints":{"allow":["GET"]}}],"collection":[{"href":"https:\/\/astra.thelifeco.com\/tr\/wp-json\/wp\/v2\/pages"}],"about":[{"href":"https:\/\/astra.thelifeco.com\/tr\/wp-json\/wp\/v2\/types\/page"}],"author":[{"embeddable":true,"href":"https:\/\/astra.thelifeco.com\/tr\/wp-json\/wp\/v2\/users\/1"}],"replies":[{"embeddable":true,"href":"https:\/\/astra.thelifeco.com\/tr\/wp-json\/wp\/v2\/comments?post=17906"}],"version-history":[{"count":0,"href":"https:\/\/astra.thelifeco.com\/tr\/wp-json\/wp\/v2\/pages\/17906\/revisions"}],"up":[{"embeddable":true,"href":"https:\/\/astra.thelifeco.com\/tr\/wp-json\/wp\/v2\/pages\/11065"}],"wp:featuredmedia":[{"embeddable":true,"href":"https:\/\/astra.thelifeco.com\/tr\/wp-json\/wp\/v2\/media\/17900"}],"wp:attachment":[{"href":"https:\/\/astra.thelifeco.com\/tr\/wp-json\/wp\/v2\/media?parent=17906"}],"curies":[{"name":"wp","href":"https:\/\/api.w.org\/{rel}","templated":true}]}}