{"id":11061,"date":"2019-09-18T15:03:11","date_gmt":"2019-09-18T12:03:11","guid":{"rendered":"https:\/\/new.digital.biz.tr\/?page_id=11061"},"modified":"2020-12-23T11:42:29","modified_gmt":"2020-12-23T08:42:29","slug":"standart-programlar","status":"publish","type":"page","link":"https:\/\/astra.thelifeco.com\/tr\/standart-programlar\/","title":{"rendered":"Standart Programlar"},"content":{"rendered":"\t\t<div data-elementor-type=\"wp-post\" data-elementor-id=\"11061\" class=\"elementor elementor-11061 elementor-987\" data-elementor-post-type=\"page\">\n\t\t\t\t\t\t<section class=\"elementor-section elementor-top-section elementor-element elementor-element-c5f2049 elementor-section-boxed elementor-section-height-default elementor-section-height-default\" data-id=\"c5f2049\" data-element_type=\"section\">\n\t\t\t\t\t\t<div class=\"elementor-container elementor-column-gap-default\">\n\t\t\t\t\t<div class=\"elementor-column elementor-col-100 elementor-top-column elementor-element elementor-element-74f4815\" data-id=\"74f4815\" data-element_type=\"column\">\n\t\t\t<div class=\"elementor-widget-wrap elementor-element-populated\">\n\t\t\t\t\t\t<div class=\"elementor-element elementor-element-a074101 elementor-widget elementor-widget-heading\" data-id=\"a074101\" data-element_type=\"widget\" data-widget_type=\"heading.default\">\n\t\t\t\t<div class=\"elementor-widget-container\">\n\t\t\t<h1 class=\"elementor-heading-title elementor-size-default\">The LifeCo'da Standart Programlar<\/h1>\t\t<\/div>\n\t\t\t\t<\/div>\n\t\t\t\t<div class=\"elementor-element elementor-element-5026e01 elementor-grid-3 elementor-grid-tablet-2 elementor-grid-mobile-1 elementor-posts--thumbnail-top elementor-card-shadow-yes elementor-posts__hover-gradient elementor-widget elementor-widget-posts\" data-id=\"5026e01\" data-element_type=\"widget\" data-settings=\"{&quot;cards_columns&quot;:&quot;3&quot;,&quot;cards_columns_tablet&quot;:&quot;2&quot;,&quot;cards_columns_mobile&quot;:&quot;1&quot;,&quot;cards_row_gap&quot;:{&quot;unit&quot;:&quot;px&quot;,&quot;size&quot;:35,&quot;sizes&quot;:[]},&quot;cards_row_gap_tablet&quot;:{&quot;unit&quot;:&quot;px&quot;,&quot;size&quot;:&quot;&quot;,&quot;sizes&quot;:[]},&quot;cards_row_gap_mobile&quot;:{&quot;unit&quot;:&quot;px&quot;,&quot;size&quot;:&quot;&quot;,&quot;sizes&quot;:[]}}\" data-widget_type=\"posts.cards\">\n\t\t\t\t<div class=\"elementor-widget-container\">\n\t\t\t\t\t<div class=\"elementor-posts-container elementor-posts elementor-posts--skin-cards elementor-grid\">\n\t\t\t\t<article class=\"elementor-post elementor-grid-item post-12129 page type-page status-publish has-post-thumbnail hentry\">\n\t\t\t<div class=\"elementor-post__card\">\n\t\t\t\t<a class=\"elementor-post__thumbnail__link\" href=\"https:\/\/astra.thelifeco.com\/tr\/detoks-programlari\/master-detoks-programi\/\" tabindex=\"-1\" ><div class=\"elementor-post__thumbnail\"><img fetchpriority=\"high\" decoding=\"async\" width=\"300\" height=\"189\" src=\"https:\/\/astra.thelifeco.com\/wp-content\/uploads\/2019\/08\/master-detox-program-2-300x189.jpg\" class=\"attachment-medium size-medium wp-image-9491\" alt=\"The LifeCo Master Cleanse Program\u0131\" srcset=\"https:\/\/astra.thelifeco.com\/wp-content\/uploads\/2019\/08\/master-detox-program-2-300x189.jpg 300w, https:\/\/astra.thelifeco.com\/wp-content\/uploads\/2019\/08\/master-detox-program-2.jpg 350w\" sizes=\"(max-width: 300px) 100vw, 300px\" \/><\/div><\/a>\n\t\t\t\t<div class=\"elementor-post__text\">\n\t\t\t\t<h3 class=\"elementor-post__title\">\n\t\t\t<a href=\"https:\/\/astra.thelifeco.com\/tr\/detoks-programlari\/master-detoks-programi\/\" >\n\t\t\t\tMaster Detoks Program\u0131\t\t\t<\/a>\n\t\t<\/h3>\n\t\t\t\t<div class=\"elementor-post__excerpt\">\n\t\t\t<p>Master Detoks en h\u0131zl\u0131 ve en etkili ar\u0131nma program\u0131d\u0131r. World Spa Awards taraf\u0131ndan \u201c2018\u2019in En \u0130yi Detoks Program\u0131\u201d \u00f6d\u00fcl\u00fcn\u00fc alm\u0131\u015ft\u0131r.Master Detox Program &#8211; Best Detox Cleanse Plan | The LifeCo<\/p>\n\t\t<\/div>\n\t\t\n\t\t<a class=\"elementor-post__read-more\" href=\"https:\/\/astra.thelifeco.com\/tr\/detoks-programlari\/master-detoks-programi\/\" aria-label=\"Read more about Master Detoks Program\u0131\" tabindex=\"-1\" >\n\t\t\tDevam\u0131 \u00bb\t\t<\/a>\n\n\t\t\t\t<\/div>\n\t\t\t\t\t<\/div>\n\t\t<\/article>\n\t\t\t\t<article class=\"elementor-post elementor-grid-item post-42966 page type-page status-publish has-post-thumbnail hentry\">\n\t\t\t<div class=\"elementor-post__card\">\n\t\t\t\t<a class=\"elementor-post__thumbnail__link\" href=\"https:\/\/astra.thelifeco.com\/tr\/aralikli-oruc-programi\/\" tabindex=\"-1\" ><div class=\"elementor-post__thumbnail\"><img decoding=\"async\" width=\"300\" height=\"114\" src=\"https:\/\/astra.thelifeco.com\/wp-content\/uploads\/2019\/09\/intermittent-fasting-program-300x114.jpg\" class=\"attachment-medium size-medium wp-image-10213\" alt=\"Aral\u0131kl\u0131 Oru\u00e7 Diyeti\" srcset=\"https:\/\/astra.thelifeco.com\/wp-content\/uploads\/2019\/09\/intermittent-fasting-program-300x114.jpg 300w, https:\/\/astra.thelifeco.com\/wp-content\/uploads\/2019\/09\/intermittent-fasting-program-768x292.jpg 768w, https:\/\/astra.thelifeco.com\/wp-content\/uploads\/2019\/09\/intermittent-fasting-program.jpg 845w\" sizes=\"(max-width: 300px) 100vw, 300px\" \/><\/div><\/a>\n\t\t\t\t<div class=\"elementor-post__text\">\n\t\t\t\t<h3 class=\"elementor-post__title\">\n\t\t\t<a href=\"https:\/\/astra.thelifeco.com\/tr\/aralikli-oruc-programi\/\" >\n\t\t\t\tAral\u0131kl\u0131 Oru\u00e7 Program\u0131\t\t\t<\/a>\n\t\t<\/h3>\n\t\t\t\t<div class=\"elementor-post__excerpt\">\n\t\t\t<p>TheLifeCo Aral\u0131kl\u0131 Oru\u00e7 Program\u0131 18\/6 Metodu ile En Etkili Sonu\u00e7lar Bir\u00e7ok ki\u015finin bir ya\u015fam tarz\u0131 olarak benimsedi\u011fi bu beslenme metodunu TheLifeCo\u2019da deneyimleyerek, aral\u0131kl\u0131 orucun bir\u00e7ok<\/p>\n\t\t<\/div>\n\t\t\n\t\t<a class=\"elementor-post__read-more\" href=\"https:\/\/astra.thelifeco.com\/tr\/aralikli-oruc-programi\/\" aria-label=\"Read more about Aral\u0131kl\u0131 Oru\u00e7 Program\u0131\" tabindex=\"-1\" >\n\t\t\tDevam\u0131 \u00bb\t\t<\/a>\n\n\t\t\t\t<\/div>\n\t\t\t\t\t<\/div>\n\t\t<\/article>\n\t\t\t\t<article class=\"elementor-post elementor-grid-item post-22874 page type-page status-publish has-post-thumbnail hentry\">\n\t\t\t<div class=\"elementor-post__card\">\n\t\t\t\t<a class=\"elementor-post__thumbnail__link\" href=\"https:\/\/astra.thelifeco.com\/tr\/detoks-programlari\/yesil-salatali-detoks-programi\/\" tabindex=\"-1\" ><div class=\"elementor-post__thumbnail\"><img decoding=\"async\" width=\"300\" height=\"189\" src=\"https:\/\/astra.thelifeco.com\/wp-content\/uploads\/2019\/08\/green_salad_detox-300x189.jpg\" class=\"attachment-medium size-medium wp-image-9465\" alt=\"The LifeCo Ye\u015fil Salatal\u0131 Detoks Program\u0131\" srcset=\"https:\/\/astra.thelifeco.com\/wp-content\/uploads\/2019\/08\/green_salad_detox-300x189.jpg 300w, https:\/\/astra.thelifeco.com\/wp-content\/uploads\/2019\/08\/green_salad_detox.jpg 350w\" sizes=\"(max-width: 300px) 100vw, 300px\" \/><\/div><\/a>\n\t\t\t\t<div class=\"elementor-post__text\">\n\t\t\t\t<h3 class=\"elementor-post__title\">\n\t\t\t<a href=\"https:\/\/astra.thelifeco.com\/tr\/detoks-programlari\/yesil-salatali-detoks-programi\/\" >\n\t\t\t\tYe\u015fil Salatal\u0131 Detoks Program\u0131\t\t\t<\/a>\n\t\t<\/h3>\n\t\t\t\t<div class=\"elementor-post__excerpt\">\n\t\t\t<p>Sa\u011fl\u0131kl\u0131 beslenme i\u00e7in harika bir ge\u00e7i\u015f program\u0131d\u0131r. Master Cleanse\u2019a haz\u0131rl\u0131k i\u00e7in ya da detoks sonras\u0131 program\u0131 olarak uygulanabilir.<\/p>\n\t\t<\/div>\n\t\t\n\t\t<a class=\"elementor-post__read-more\" href=\"https:\/\/astra.thelifeco.com\/tr\/detoks-programlari\/yesil-salatali-detoks-programi\/\" aria-label=\"Read more about Ye\u015fil Salatal\u0131 Detoks Program\u0131\" tabindex=\"-1\" >\n\t\t\tDevam\u0131 \u00bb\t\t<\/a>\n\n\t\t\t\t<\/div>\n\t\t\t\t\t<\/div>\n\t\t<\/article>\n\t\t\t\t<article class=\"elementor-post elementor-grid-item post-10883 page type-page status-publish has-post-thumbnail hentry\">\n\t\t\t<div class=\"elementor-post__card\">\n\t\t\t\t<a class=\"elementor-post__thumbnail__link\" href=\"https:\/\/astra.thelifeco.com\/tr\/detoks-programlari\/yesil-sivi-detoks-programi\/\" tabindex=\"-1\" ><div class=\"elementor-post__thumbnail\"><img loading=\"lazy\" decoding=\"async\" width=\"300\" height=\"189\" src=\"https:\/\/astra.thelifeco.com\/wp-content\/uploads\/2019\/08\/green_juice_detox-300x189.jpg\" class=\"attachment-medium size-medium wp-image-9463\" alt=\"The LifeCo Ye\u015fil S\u0131v\u0131 Detoks Program\u0131\" srcset=\"https:\/\/astra.thelifeco.com\/wp-content\/uploads\/2019\/08\/green_juice_detox-300x189.jpg 300w, https:\/\/astra.thelifeco.com\/wp-content\/uploads\/2019\/08\/green_juice_detox.jpg 350w\" sizes=\"(max-width: 300px) 100vw, 300px\" \/><\/div><\/a>\n\t\t\t\t<div class=\"elementor-post__text\">\n\t\t\t\t<h3 class=\"elementor-post__title\">\n\t\t\t<a href=\"https:\/\/astra.thelifeco.com\/tr\/detoks-programlari\/yesil-sivi-detoks-programi\/\" >\n\t\t\t\tYe\u015fil S\u0131v\u0131 Detoks Program\u0131\t\t\t<\/a>\n\t\t<\/h3>\n\t\t\t\t<div class=\"elementor-post__excerpt\">\n\t\t\t<p>V\u00fccudu h\u0131zl\u0131 bir \u015fekilde alkalize etmek ve ba\u011f\u0131\u015f\u0131kl\u0131k sistemini g\u00fc\u00e7lendirmek i\u00e7in idealdir. Sadece \u00e7i\u011f ye\u015fil sebze sular\u0131 i\u00e7eren s\u0131v\u0131 bazl\u0131 bir programd\u0131r.<\/p>\n\t\t<\/div>\n\t\t\n\t\t<a class=\"elementor-post__read-more\" href=\"https:\/\/astra.thelifeco.com\/tr\/detoks-programlari\/yesil-sivi-detoks-programi\/\" aria-label=\"Read more about Ye\u015fil S\u0131v\u0131 Detoks Program\u0131\" tabindex=\"-1\" >\n\t\t\tDevam\u0131 \u00bb\t\t<\/a>\n\n\t\t\t\t<\/div>\n\t\t\t\t\t<\/div>\n\t\t<\/article>\n\t\t\t\t<article class=\"elementor-post elementor-grid-item post-10911 page type-page status-publish has-post-thumbnail hentry\">\n\t\t\t<div class=\"elementor-post__card\">\n\t\t\t\t<a class=\"elementor-post__thumbnail__link\" href=\"https:\/\/astra.thelifeco.com\/tr\/ketojenik-program\/\" tabindex=\"-1\" ><div class=\"elementor-post__thumbnail\"><img loading=\"lazy\" decoding=\"async\" width=\"199\" height=\"300\" src=\"https:\/\/astra.thelifeco.com\/wp-content\/uploads\/2019\/08\/ketogenic-1-199x300.jpg\" class=\"attachment-medium size-medium wp-image-9481\" alt=\"The LifeCo Ketojenik Beslenme Program\" srcset=\"https:\/\/astra.thelifeco.com\/wp-content\/uploads\/2019\/08\/ketogenic-1-199x300.jpg 199w, https:\/\/astra.thelifeco.com\/wp-content\/uploads\/2019\/08\/ketogenic-1.jpg 564w\" sizes=\"(max-width: 199px) 100vw, 199px\" \/><\/div><\/a>\n\t\t\t\t<div class=\"elementor-post__text\">\n\t\t\t\t<h3 class=\"elementor-post__title\">\n\t\t\t<a href=\"https:\/\/astra.thelifeco.com\/tr\/ketojenik-program\/\" >\n\t\t\t\tKetojenik Program\t\t\t<\/a>\n\t\t<\/h3>\n\t\t\t\t<div class=\"elementor-post__excerpt\">\n\t\t\t<p>V\u00fccudun t\u00fcm enerjisini bitki ve protein bazl\u0131 ya\u011flardan ald\u0131\u011f\u0131 bir beslenme plan\u0131d\u0131r. Ayn\u0131 zamanda etkili bir terap\u00f6tik diyet olarak kullan\u0131l\u0131r.<\/p>\n\t\t<\/div>\n\t\t\n\t\t<a class=\"elementor-post__read-more\" href=\"https:\/\/astra.thelifeco.com\/tr\/ketojenik-program\/\" aria-label=\"Read more about Ketojenik Program\" tabindex=\"-1\" >\n\t\t\tDevam\u0131 \u00bb\t\t<\/a>\n\n\t\t\t\t<\/div>\n\t\t\t\t\t<\/div>\n\t\t<\/article>\n\t\t\t\t<article class=\"elementor-post elementor-grid-item post-10927 page type-page status-publish has-post-thumbnail hentry\">\n\t\t\t<div class=\"elementor-post__card\">\n\t\t\t\t<a class=\"elementor-post__thumbnail__link\" href=\"https:\/\/astra.thelifeco.com\/tr\/dusuk-kalorili-beslenme-programi\/\" tabindex=\"-1\" ><div class=\"elementor-post__thumbnail\"><img loading=\"lazy\" decoding=\"async\" width=\"300\" height=\"114\" src=\"https:\/\/astra.thelifeco.com\/wp-content\/uploads\/2019\/09\/low-calorie-program-300x114.jpg\" class=\"attachment-medium size-medium wp-image-10239\" alt=\"D\u00fc\u015f\u00fck Kalorili Beslenme Program\u0131\" srcset=\"https:\/\/astra.thelifeco.com\/wp-content\/uploads\/2019\/09\/low-calorie-program-300x114.jpg 300w, https:\/\/astra.thelifeco.com\/wp-content\/uploads\/2019\/09\/low-calorie-program-768x292.jpg 768w, https:\/\/astra.thelifeco.com\/wp-content\/uploads\/2019\/09\/low-calorie-program.jpg 845w\" sizes=\"(max-width: 300px) 100vw, 300px\" \/><\/div><\/a>\n\t\t\t\t<div class=\"elementor-post__text\">\n\t\t\t\t<h3 class=\"elementor-post__title\">\n\t\t\t<a href=\"https:\/\/astra.thelifeco.com\/tr\/dusuk-kalorili-beslenme-programi\/\" >\n\t\t\t\tD\u00fc\u015f\u00fck Kalorili Beslenme Program\u0131\t\t\t<\/a>\n\t\t<\/h3>\n\t\t\t\t<div class=\"elementor-post__excerpt\">\n\t\t\t<p>G\u00fcnl\u00fck yemek al\u0131\u015fkanl\u0131klar\u0131n\u0131 b\u0131rak\u0131p, sa\u011fl\u0131kl\u0131 ve uzun \u00f6m\u00fcrl\u00fc bir \u015fekilde kilo vermek isteyenler i\u00e7in, \u00e7i\u011f vegan bir beslenme program\u0131d\u0131r.<\/p>\n\t\t<\/div>\n\t\t\n\t\t<a class=\"elementor-post__read-more\" href=\"https:\/\/astra.thelifeco.com\/tr\/dusuk-kalorili-beslenme-programi\/\" aria-label=\"Read more about D\u00fc\u015f\u00fck Kalorili Beslenme Program\u0131\" tabindex=\"-1\" >\n\t\t\tDevam\u0131 \u00bb\t\t<\/a>\n\n\t\t\t\t<\/div>\n\t\t\t\t\t<\/div>\n\t\t<\/article>\n\t\t\t\t<\/div>\n\t\t\n\t\t\t\t<\/div>\n\t\t\t\t<\/div>\n\t\t\t\t\t<\/div>\n\t\t<\/div>\n\t\t\t\t\t<\/div>\n\t\t<\/section>\n\t\t\t\t<\/div>\n\t\t","protected":false},"excerpt":{"rendered":"<p>The LifeCo\u2019da size birbirinden farkl\u0131 detoks ve sa\u011fl\u0131kl\u0131 beslenme program\u0131 se\u00e7enekleri sunuyoruz. <\/p>\n","protected":false},"author":1,"featured_media":9491,"parent":11119,"menu_order":24,"comment_status":"closed","ping_status":"closed","template":"","meta":{"_acf_changed":false,"content-type":"","om_disable_all_campaigns":false,"footnotes":""},"class_list":["post-11061","page","type-page","status-publish","has-post-thumbnail","hentry"],"acf":[],"_links":{"self":[{"href":"https:\/\/astra.thelifeco.com\/tr\/wp-json\/wp\/v2\/pages\/11061","targetHints":{"allow":["GET"]}}],"collection":[{"href":"https:\/\/astra.thelifeco.com\/tr\/wp-json\/wp\/v2\/pages"}],"about":[{"href":"https:\/\/astra.thelifeco.com\/tr\/wp-json\/wp\/v2\/types\/page"}],"author":[{"embeddable":true,"href":"https:\/\/astra.thelifeco.com\/tr\/wp-json\/wp\/v2\/users\/1"}],"replies":[{"embeddable":true,"href":"https:\/\/astra.thelifeco.com\/tr\/wp-json\/wp\/v2\/comments?post=11061"}],"version-history":[{"count":0,"href":"https:\/\/astra.thelifeco.com\/tr\/wp-json\/wp\/v2\/pages\/11061\/revisions"}],"up":[{"embeddable":true,"href":"https:\/\/astra.thelifeco.com\/tr\/wp-json\/wp\/v2\/pages\/11119"}],"wp:featuredmedia":[{"embeddable":true,"href":"https:\/\/astra.thelifeco.com\/tr\/wp-json\/wp\/v2\/media\/9491"}],"wp:attachment":[{"href":"https:\/\/astra.thelifeco.com\/tr\/wp-json\/wp\/v2\/media?parent=11061"}],"curies":[{"name":"wp","href":"https:\/\/api.w.org\/{rel}","templated":true}]}}