{"id":10907,"date":"2019-09-18T13:46:48","date_gmt":"2019-09-18T10:46:48","guid":{"rendered":"https:\/\/new.digital.biz.tr\/?page_id=10907"},"modified":"2020-01-13T11:30:22","modified_gmt":"2020-01-13T08:30:22","slug":"infrared-sauna","status":"publish","type":"page","link":"https:\/\/astra.thelifeco.com\/tr\/infrared-sauna\/","title":{"rendered":"Infrared Sauna"},"content":{"rendered":"\t\t<div data-elementor-type=\"wp-page\" data-elementor-id=\"10907\" class=\"elementor elementor-10907 elementor-2427\" data-elementor-post-type=\"page\">\n\t\t\t\t\t\t<section class=\"elementor-section elementor-top-section elementor-element elementor-element-eec05a5 elementor-section-boxed elementor-section-height-default elementor-section-height-default\" data-id=\"eec05a5\" data-element_type=\"section\">\n\t\t\t\t\t\t<div class=\"elementor-container elementor-column-gap-default\">\n\t\t\t\t\t<div class=\"elementor-column elementor-col-100 elementor-top-column elementor-element elementor-element-589aa38\" data-id=\"589aa38\" data-element_type=\"column\">\n\t\t\t<div class=\"elementor-widget-wrap elementor-element-populated\">\n\t\t\t\t\t\t<div class=\"elementor-element elementor-element-1557b14 elementor-widget elementor-widget-text-editor\" data-id=\"1557b14\" data-element_type=\"widget\" data-widget_type=\"text-editor.default\">\n\t\t\t\t<div class=\"elementor-widget-container\">\n\t\t\t\t\t\t\t<p><strong>Far-Infrared Teknolojisi Nedir?<\/strong><br \/>\nG\u00fcne\u015f faydal\u0131 ve zararl\u0131 olmak \u00fczere, mikrodalga, ultraviyole, k\u0131z\u0131l\u00f6tesi, mor\u00f6tesi gibi bir\u00e7ok dalga aral\u0131\u011f\u0131nda \u0131s\u0131 yayar. Far-infrared \u0131s\u0131 da g\u00fcne\u015fin dalga aral\u0131klar\u0131ndan biridir.<\/p>\n<p>Far-infrared \u0131s\u0131 g\u00fcne\u015fi ya\u015fam kayna\u011f\u0131m\u0131z yapan \u0131s\u0131d\u0131r. G\u00fcne\u015fe \u00e7\u0131kan \u00e7ocuklar\u0131n kemiklerinin geli\u015fmesi, g\u00fcne\u015f alan bir bitkinin b\u00fcy\u00fcmesi ve meyvesinin geli\u015fmesi, g\u00fcne\u015f alan bir evin daha sa\u011fl\u0131kl\u0131 olmas\u0131 bize bunu kolayca g\u00f6sterebilir. Bu \u0131\u015f\u0131nlar\u0131n en ilgin\u00e7 \u00f6zelli\u011fi direkt olarak nesneleri \u0131s\u0131t\u0131yor olmas\u0131d\u0131r.<\/p>\n<p>Infrared Sauna gibi k\u0131z\u0131l\u00f6tesi saunalar, geleneksel bir saunadan farkl\u0131 olarak etraf\u0131n\u0131zdaki havay\u0131 \u0131s\u0131tmaz. Bunun yerine, k\u0131z\u0131l\u00f6tesi lambalar arac\u0131l\u0131\u011f\u0131la v\u00fccudun do\u011frudan \u0131s\u0131t\u0131r. K\u0131z\u0131l\u00f6tesi \u0131s\u0131 sistemleri v\u00fccudunuza i\u015fleyerek do\u011fal bir \u0131s\u0131 sa\u011flar. G\u00fcne\u015f banyosundan farkl\u0131 olarak, k\u0131z\u0131l\u00f6tesi \u0131s\u0131 teknolojisi tamamen sa\u011fl\u0131kl\u0131 ve g\u00fcvenlidir ve hi\u00e7bir zaman deride yanmaya sebep olmaz.<\/p>\n<p><strong>Infrared Saunan\u0131n Faydalar\u0131:<\/strong><br \/>\nKlasik sobal\u0131 tip saunalarda \u0131s\u0131 konveksiyonel olarak etki eder. Yani sauna i\u00e7erisinde sirk\u00fcle olan s\u0131cak hava v\u00fccudunuza temas eder, bu sayede terleme sa\u011flan\u0131r.<\/p>\n<p><strong>Toksinleri Uzakla\u015ft\u0131r\u0131r<\/strong><br \/>\nKlasik bir saunan\u0131n \u0131s\u0131s\u0131 v\u00fccudun 5-6 mm alt\u0131na kadar etki edebilir ve terleme de genel olarak y\u00fczeysel olarak kal\u0131r. Far-Infrared \u0131s\u0131 ise radyan bir \u0131s\u0131tma sistemidir. T\u0131pk\u0131 g\u00fcne\u015f gibi, etki etti\u011fi alandaki havay\u0131 de\u011fil cisimleri \u0131s\u0131t\u0131r ve deriye i\u015fler. V\u00fccudunuzdan 4 cm derine kadar etki edebilen bu \u0131s\u0131 klasik saunaya g\u00f6re 7 kat daha fazla toksin at\u0131m\u0131 sa\u011flar. Infrared saunalar v\u00fccuttan 100 birim terleme ile 20 birime kadar toksin atabilir.<\/p>\n<p><strong>Kilo vermeye yard\u0131mc\u0131 olur<\/strong><br \/>\nInfrared \u0131s\u0131 sistemi ile derinden \u0131s\u0131nan v\u00fccutta ya\u011f yak\u0131m\u0131 h\u0131zlan\u0131r. V\u00fccudumuzda ya\u011f tabakas\u0131 derinin yakla\u015f\u0131k 1 cm alt\u0131ndan itibaren ba\u015flar. Klasik sobal\u0131 tip saunalarda s\u0131cakl\u0131k derinin 5-6 mm alt\u0131na i\u015fleyebilirken, infrared saunada \u0131s\u0131 derinin 4 cm alt\u0131na kadar etki ederek ya\u011f h\u00fccrelerini rahatl\u0131kla par\u00e7alayabilir. Bu sayede bir seansta 600-700 kalori yakabilirsiniz.<\/p>\n<p><strong>A\u011fr\u0131 gidericidir<\/strong><br \/>\nFar-Infrared \u0131s\u0131, romatizmal ve kas-eklem a\u011fr\u0131lar\u0131 giderir. V\u00fccudun do\u011fal a\u011fr\u0131 kesicisi, endorfinin salg\u0131lanmas\u0131n\u0131 sa\u011flar. Endorfin, morfinin bin kat\u0131 daha g\u00fc\u00e7l\u00fc ve v\u00fccudun kendisi taraf\u0131ndan do\u011fal olarak \u00fcretilen bir salg\u0131d\u0131r. Bu sayede kas ve kemik sisteminden ve eklemlerden kaynaklanan her t\u00fcrl\u00fc a\u011fr\u0131y\u0131 gidererek rahatlama sa\u011flar Kire\u00e7lenme durumlar\u0131nda da etkisini h\u0131zla g\u00f6rebilece\u011finiz bir sistemdir.<\/p>\n<p><strong>Kalp sa\u011fl\u0131\u011f\u0131n\u0131 korur<\/strong><br \/>\nInfrared saunan\u0131n sa\u011flad\u0131\u011f\u0131 derin \u0131s\u0131 ile kan damarlar\u0131 geni\u015fler. Bu sayede temiz kan v\u00fccudun en u\u00e7 noktalar\u0131na kadar rahatl\u0131kla ula\u015fabilir. Hiper tansiyona kar\u015f\u0131 etkilidir. Kolesterol\u00fc d\u00fc\u015f\u00fcr\u00fcr ve nabz\u0131 d\u00fczenler.<\/p>\n<p><strong>Cildi canland\u0131r\u0131r ve g\u00fczelle\u015ftirir<\/strong><br \/>\nInfrared sauna, derinin alt\u0131nda biriken ya\u011flar\u0131n, toksinlerin, kimyasallar\u0131n ve di\u011fer zararl\u0131 maddelerin terleme ile d\u0131\u015far\u0131 at\u0131lmas\u0131n\u0131 sa\u011flar. Bu sayede sizi sel\u00fclit, akne, egzama ve benzeri cilt rahats\u0131zl\u0131klar\u0131ndan kurtar\u0131r. Derinize kaybetti\u011fi esnekli\u011fini ve yumu\u015fakl\u0131\u011f\u0131n\u0131 geri kazand\u0131r\u0131r.<\/p>\n<p><strong>Ba\u011f\u0131\u015f\u0131kl\u0131k sistemini g\u00fc\u00e7lendirir<\/strong><br \/>\nFar-Infrared \u0131s\u0131 sistemi kanda k\u00fcmelenmi\u015f akyuvarlar\u0131 uyararak aktif olmalar\u0131n\u0131 sa\u011flar. Genel v\u00fccut sisteminin d\u00fczenli olarak \u00e7al\u0131\u015fmas\u0131n\u0131 da sa\u011flad\u0131\u011f\u0131 i\u00e7in ba\u011f\u0131\u015f\u0131kl\u0131\u011f\u0131 g\u00fc\u00e7lendirir. Derin \u0131s\u0131 sistemi ile k\u0131\u015f \u00fc\u015f\u00fcmelerini azalt\u0131r, so\u011fuk alg\u0131nl\u0131\u011f\u0131 gibi durumlar ortadan kalkar.<\/p>\n<p><strong>Stresi uzakla\u015ft\u0131r\u0131r<\/strong><br \/>\nInfrared sauna ile nefes al\u0131m\u0131 yava\u015flar, kan damarlar\u0131 a\u00e7\u0131l\u0131r ve kaslar gev\u015fer. B\u00f6ylece a\u011fr\u0131 hem kaslarda hem de eklemlerde kaybolmaya ba\u015flar. V\u00fccut bu de\u011fi\u015fiklikleri alg\u0131lad\u0131\u011f\u0131nda do\u011fal olarak gev\u015femeye, sakinle\u015fmeye ve stresten uzakla\u015fmaya ba\u015flar.<\/p>\n\t\t\t\t\t\t<\/div>\n\t\t\t\t<\/div>\n\t\t\t\t\t<\/div>\n\t\t<\/div>\n\t\t\t\t\t<\/div>\n\t\t<\/section>\n\t\t\t\t<\/div>\n\t\t","protected":false},"excerpt":{"rendered":"<p>Infrared sauna, k\u0131z\u0131l\u00f6tesi \u0131\u015f\u0131nlar arac\u0131l\u0131\u011f\u0131yla v\u00fccudunuzda do\u011frudan ve do\u011fal bir \u0131s\u0131 sa\u011flayarak ya\u011f yak\u0131m\u0131n\u0131 kolayla\u015ft\u0131r\u0131r.<\/p>\n","protected":false},"author":1,"featured_media":10211,"parent":11065,"menu_order":85,"comment_status":"closed","ping_status":"closed","template":"","meta":{"_acf_changed":false,"content-type":"","om_disable_all_campaigns":false,"footnotes":""},"class_list":["post-10907","page","type-page","status-publish","has-post-thumbnail","hentry"],"acf":[],"_links":{"self":[{"href":"https:\/\/astra.thelifeco.com\/tr\/wp-json\/wp\/v2\/pages\/10907","targetHints":{"allow":["GET"]}}],"collection":[{"href":"https:\/\/astra.thelifeco.com\/tr\/wp-json\/wp\/v2\/pages"}],"about":[{"href":"https:\/\/astra.thelifeco.com\/tr\/wp-json\/wp\/v2\/types\/page"}],"author":[{"embeddable":true,"href":"https:\/\/astra.thelifeco.com\/tr\/wp-json\/wp\/v2\/users\/1"}],"replies":[{"embeddable":true,"href":"https:\/\/astra.thelifeco.com\/tr\/wp-json\/wp\/v2\/comments?post=10907"}],"version-history":[{"count":0,"href":"https:\/\/astra.thelifeco.com\/tr\/wp-json\/wp\/v2\/pages\/10907\/revisions"}],"up":[{"embeddable":true,"href":"https:\/\/astra.thelifeco.com\/tr\/wp-json\/wp\/v2\/pages\/11065"}],"wp:featuredmedia":[{"embeddable":true,"href":"https:\/\/astra.thelifeco.com\/tr\/wp-json\/wp\/v2\/media\/10211"}],"wp:attachment":[{"href":"https:\/\/astra.thelifeco.com\/tr\/wp-json\/wp\/v2\/media?parent=10907"}],"curies":[{"name":"wp","href":"https:\/\/api.w.org\/{rel}","templated":true}]}}