{"id":10825,"date":"2019-09-18T11:15:48","date_gmt":"2019-09-18T08:15:48","guid":{"rendered":"https:\/\/new.digital.biz.tr\/?page_id=10825"},"modified":"2023-05-31T16:43:58","modified_gmt":"2023-05-31T13:43:58","slug":"kolon-hidroterapi","status":"publish","type":"page","link":"https:\/\/astra.thelifeco.com\/tr\/kolon-hidroterapi\/","title":{"rendered":"Kolon Hidroterapi"},"content":{"rendered":"\t\t<div data-elementor-type=\"wp-page\" data-elementor-id=\"10825\" class=\"elementor elementor-10825 elementor-2390\" data-elementor-post-type=\"page\">\n\t\t\t\t\t\t<section class=\"elementor-section elementor-top-section elementor-element elementor-element-20afe7d elementor-section-boxed elementor-section-height-default elementor-section-height-default\" data-id=\"20afe7d\" data-element_type=\"section\">\n\t\t\t\t\t\t<div class=\"elementor-container elementor-column-gap-default\">\n\t\t\t\t\t<div class=\"elementor-column elementor-col-100 elementor-top-column elementor-element elementor-element-c6b855f\" data-id=\"c6b855f\" data-element_type=\"column\">\n\t\t\t<div class=\"elementor-widget-wrap elementor-element-populated\">\n\t\t\t\t\t\t<div class=\"elementor-element elementor-element-64c1df0 elementor-widget elementor-widget-text-editor\" data-id=\"64c1df0\" data-element_type=\"widget\" data-widget_type=\"text-editor.default\">\n\t\t\t\t<div class=\"elementor-widget-container\">\n\t\t\t\t\t\t\t<p><strong>Kolon hidroterapi nedir? (hidro colon terapi)<br \/>\n<\/strong>Optimal sa\u011fl\u0131k i\u00e7in sa\u011fl\u0131kl\u0131 bir ba\u011f\u0131rsak floras\u0131 gereklidir. Bu organ\u0131n \u00f6nemi, genellikle g\u00fcnl\u00fck ya\u015fant\u0131m\u0131zda g\u00f6rmezden gelinir. Kolonlar g\u00f6revlerini yerine getirmedi\u011finde, v\u00fccut kronik hastal\u0131klar ile sonu\u00e7lanan, \u00e7ok daha d\u00fc\u015f\u00fck bir verimlilikte \u00e7al\u0131\u015fmaya ba\u015flar.<\/p>\n<p>Kolon hidroterapi, \u0131l\u0131k su ile kolondaki at\u0131k kal\u0131nt\u0131, gaz ve mukus salg\u0131nlar\u0131n\u0131 atmak i\u00e7in kolonun hassas bir \u015fekilde y\u0131kanmas\u0131d\u0131r. Rektal yolla kolonun i\u00e7ine g\u00fcvenli ve hafif bir \u015fekilde su vererek uygulan\u0131r. Bu terapi, v\u00fccudun ihtiya\u00e7 duydu\u011fu besin maddelerinin daha uzun s\u00fcre korunmas\u0131n\u0131 sa\u011flar. Ayr\u0131ca daha canl\u0131 ve hafif hissetmenize yard\u0131mc\u0131 olur. Bu uygulamay\u0131 yapt\u0131rmak kolonunun yenilenmesine yard\u0131mc\u0131 olacakt\u0131r. \u0130\u015flem s\u0131ras\u0131nda kesinlikle hi\u00e7bir ila\u00e7 veya kimyasal madde kullan\u0131lmamaktad\u0131r.<br \/>\n<strong><br \/>\nKolon Hidroterapinin Faydalar\u0131 Nelerdir?<\/strong><br \/>\nKal\u0131nt\u0131lar\u0131n maddelerin kolondan at\u0131lmas\u0131, zararl\u0131 bakterileri tam anlam\u0131yla yok eder. Temiz bir kolon iyi bir sindirim i\u00e7in \u00e7ok \u00f6nemlidir. Kolon temizlendi\u011finde ba\u011f\u0131\u015f\u0131kl\u0131k sistemi g\u00fc\u00e7lenir, b\u00f6ylece v\u00fccut a\u015fa\u011f\u0131daki gibi \u00e7e\u015fitli sa\u011fl\u0131k ko\u015fullar\u0131na kar\u015f\u0131 daha korunakl\u0131 hale gelir:<br \/>\nKab\u0131zl\u0131k, ishal, irritabl ba\u011f\u0131rsak, kandida, \u015fi\u015fkinlik, gaz, haz\u0131ms\u0131zl\u0131k, alerjiler, cilt problemleri, zay\u0131f t\u0131rnak ve sa\u00e7, anormal v\u00fccut kokusu, ho\u015f olmayan nefes, s\u0131rt a\u011fr\u0131s\u0131, sertlik, artrit, yorgunluk, uykusuzluk, zay\u0131f konsantrasyon ve ba\u015f a\u011fr\u0131lar\u0131.<\/p>\n<p>Kolon tedavisinden sonra g\u00f6r\u00fclen kan\u0131tlanm\u0131\u015f faydalar a\u015fa\u011f\u0131daki gibidir:<\/p>\n<ul>\n<li>Enerjide art\u0131\u015f\u0131<\/li>\n<li>Daha p\u00fcr\u00fczs\u00fcz cilt<\/li>\n<li>Zihinsel berrakl\u0131k<\/li>\n<li>Daha iyi sindirim<\/li>\n<li>\u015ei\u015fkinlik ve a\u011f\u0131rl\u0131ktan kurtulma<\/li>\n<li>Kilo kontrol\u00fc<\/li>\n<\/ul>\n<p><strong>Kolon Hidroterapi Prosed\u00fcr\u00fc Nas\u0131l Yap\u0131l\u0131r?<\/strong><br \/>\nProsed\u00fcr misafirimizin rahat bir pozisyonda uzanmas\u0131yla ba\u015flar. Hem\u015fire tek kullan\u0131ml\u0131k bir t\u00fcp\u00fc hafif\u00e7e rektuma yerle\u015ftirir. Her t\u00fcp sadece bir kez kullan\u0131l\u0131r. Filtrelenmi\u015f \u0131l\u0131k su az bas\u0131n\u00e7la i\u00e7eri akmaya ba\u015flar. D\u0131\u015fk\u0131 maddesi, salg\u0131lar ve toksinler kolonun duvarlar\u0131ndan ayr\u0131l\u0131r. Etkili ve rahatlat\u0131c\u0131 bir deneyim sa\u011flamak i\u00e7in, hem\u015fire su bas\u0131nc\u0131n\u0131 kontrol eder ve konuklara prosed\u00fcrle ilgili yard\u0131mc\u0131 olmak i\u00e7in bir kar\u0131n masaj\u0131 uygular. Prosed\u00fcr s\u0131ras\u0131nda, konuk tuvalete gitme hissine kap\u0131l\u0131rsa, makineden ayr\u0131lmas\u0131na gerek yoktur.<\/p>\n\t\t\t\t\t\t<\/div>\n\t\t\t\t<\/div>\n\t\t\t\t\t<\/div>\n\t\t<\/div>\n\t\t\t\t\t<\/div>\n\t\t<\/section>\n\t\t\t\t<\/div>\n\t\t","protected":false},"excerpt":{"rendered":"<p>Kolon hidroterapi, daha canl\u0131 ve hafif hissetmenize yard\u0131mc\u0131 olacak, ba\u011f\u0131rsaklar\u0131n hafif\u00e7e temizlenip yenilendi\u011fi bir terapi \u015feklidir.<\/p>\n","protected":false},"author":1,"featured_media":10065,"parent":11147,"menu_order":49,"comment_status":"closed","ping_status":"closed","template":"","meta":{"_acf_changed":false,"content-type":"","om_disable_all_campaigns":false,"footnotes":""},"class_list":["post-10825","page","type-page","status-publish","has-post-thumbnail","hentry"],"acf":[],"_links":{"self":[{"href":"https:\/\/astra.thelifeco.com\/tr\/wp-json\/wp\/v2\/pages\/10825","targetHints":{"allow":["GET"]}}],"collection":[{"href":"https:\/\/astra.thelifeco.com\/tr\/wp-json\/wp\/v2\/pages"}],"about":[{"href":"https:\/\/astra.thelifeco.com\/tr\/wp-json\/wp\/v2\/types\/page"}],"author":[{"embeddable":true,"href":"https:\/\/astra.thelifeco.com\/tr\/wp-json\/wp\/v2\/users\/1"}],"replies":[{"embeddable":true,"href":"https:\/\/astra.thelifeco.com\/tr\/wp-json\/wp\/v2\/comments?post=10825"}],"version-history":[{"count":0,"href":"https:\/\/astra.thelifeco.com\/tr\/wp-json\/wp\/v2\/pages\/10825\/revisions"}],"up":[{"embeddable":true,"href":"https:\/\/astra.thelifeco.com\/tr\/wp-json\/wp\/v2\/pages\/11147"}],"wp:featuredmedia":[{"embeddable":true,"href":"https:\/\/astra.thelifeco.com\/tr\/wp-json\/wp\/v2\/media\/10065"}],"wp:attachment":[{"href":"https:\/\/astra.thelifeco.com\/tr\/wp-json\/wp\/v2\/media?parent=10825"}],"curies":[{"name":"wp","href":"https:\/\/api.w.org\/{rel}","templated":true}]}}